{"id":428,"date":"2024-06-25T15:58:51","date_gmt":"2024-06-25T15:58:51","guid":{"rendered":"https:\/\/schuh-toggenburg.ch\/wordpress\/?page_id=428"},"modified":"2024-06-25T16:08:55","modified_gmt":"2024-06-25T16:08:55","slug":"ueber-mich","status":"publish","type":"page","link":"https:\/\/schuh-toggenburg.ch\/wordpress\/index.php\/ueber-mich\/","title":{"rendered":"\u00dcber mich"},"content":{"rendered":"\t\t<div data-elementor-type=\"wp-page\" data-elementor-id=\"428\" class=\"elementor elementor-428\">\n\t\t\t\t\t\t<section class=\"elementor-section elementor-top-section elementor-element elementor-element-8b8ca1a elementor-section-boxed elementor-section-height-default elementor-section-height-default\" data-id=\"8b8ca1a\" data-element_type=\"section\">\n\t\t\t\t\t\t<div class=\"elementor-container elementor-column-gap-default\">\n\t\t\t\t\t<div class=\"elementor-column elementor-col-50 elementor-top-column elementor-element elementor-element-5548ddb\" data-id=\"5548ddb\" data-element_type=\"column\">\n\t\t\t<div class=\"elementor-widget-wrap elementor-element-populated\">\n\t\t\t\t\t\t<div class=\"elementor-element elementor-element-f3c4483 elementor-widget elementor-widget-heading\" data-id=\"f3c4483\" data-element_type=\"widget\" data-widget_type=\"heading.default\">\n\t\t\t\t<div class=\"elementor-widget-container\">\n\t\t\t\t\t<h2 class=\"elementor-heading-title elementor-size-default\">\u00dcber mich<\/h2>\t\t\t\t<\/div>\n\t\t\t\t<\/div>\n\t\t\t\t<div class=\"elementor-element elementor-element-1721915 elementor-widget elementor-widget-text-editor\" data-id=\"1721915\" data-element_type=\"widget\" data-widget_type=\"text-editor.default\">\n\t\t\t\t<div class=\"elementor-widget-container\">\n\t\t\t\t\t\t\t\t\t<p>Im Jahr 2021 hatte ich die Ehre, die Werkstatt von Philipp Huber zu \u00fcbernehmen, der sie 41 Jahre lang mit Hingabe und Erfolg f\u00fchrte. Die Leidenschaft f\u00fcr das ehrliche Handwerk wurde mir praktisch in die Wiege gelegt, und ich setze diese Tradition mit Stolz und Engagement fort.<\/p><p>Mein Ziel ist es, die handwerkliche Qualit\u00e4t und den pers\u00f6nlichen Service zu bewahren, die unsere Werkstatt in der Gemeinde bekannt gemacht haben. Ich glaube fest daran, dass echtes Handwerk und Sorgfalt die Schl\u00fcssel zu einem Produkt sind, das nicht nur funktioniert, sondern auch Geschichten erz\u00e4hlt.<\/p><p>In meiner Werkstatt biete ich nicht nur Dienstleistungen wie Schuhreparaturen und individuelle Gravuren an, sondern auch Kurse, in denen Kunden lernen k\u00f6nnen, ihre eigenen Schuhe zu gestalten. Diese Kurse sind eine Herzensangelegenheit f\u00fcr mich, da ich mein Wissen und meine Leidenschaft f\u00fcr das Schuhmachen gerne teile.<\/p><p>Ich lade Sie herzlich ein, mich in meiner Werkstatt zu besuchen und mehr \u00fcber die handwerkliche Kunst zu erfahren, die jeden Tag hier gelebt wird.<\/p>\t\t\t\t\t\t\t\t<\/div>\n\t\t\t\t<\/div>\n\t\t\t\t\t<\/div>\n\t\t<\/div>\n\t\t\t\t<div class=\"elementor-column elementor-col-50 elementor-top-column elementor-element elementor-element-c789b60\" data-id=\"c789b60\" data-element_type=\"column\">\n\t\t\t<div class=\"elementor-widget-wrap elementor-element-populated\">\n\t\t\t\t\t\t<div class=\"elementor-element elementor-element-ad47e94 elementor-widget elementor-widget-image\" data-id=\"ad47e94\" data-element_type=\"widget\" data-widget_type=\"image.default\">\n\t\t\t\t<div class=\"elementor-widget-container\">\n\t\t\t\t\t\t\t\t\t\t\t\t\t\t\t<img fetchpriority=\"high\" decoding=\"async\" width=\"447\" height=\"447\" src=\"https:\/\/schuh-toggenburg.ch\/wordpress\/wp-content\/uploads\/2024\/06\/zugeschnitten.jpeg\" class=\"attachment-large size-large wp-image-287\" alt=\"\" srcset=\"https:\/\/schuh-toggenburg.ch\/wordpress\/wp-content\/uploads\/2024\/06\/zugeschnitten.jpeg 447w, https:\/\/schuh-toggenburg.ch\/wordpress\/wp-content\/uploads\/2024\/06\/zugeschnitten-300x300.jpeg 300w, https:\/\/schuh-toggenburg.ch\/wordpress\/wp-content\/uploads\/2024\/06\/zugeschnitten-150x150.jpeg 150w\" sizes=\"(max-width: 447px) 100vw, 447px\" \/>\t\t\t\t\t\t\t\t\t\t\t\t\t\t\t<\/div>\n\t\t\t\t<\/div>\n\t\t\t\t\t<\/div>\n\t\t<\/div>\n\t\t\t\t\t<\/div>\n\t\t<\/section>\n\t\t\t\t<\/div>\n\t\t","protected":false},"excerpt":{"rendered":"<p>\u00dcber mich Im Jahr 2021 hatte ich die Ehre, die Werkstatt von Philipp Huber zu \u00fcbernehmen, der sie 41 Jahre [&hellip;]<\/p>\n","protected":false},"author":2,"featured_media":0,"parent":0,"menu_order":0,"comment_status":"closed","ping_status":"closed","template":"","meta":{"_monsterinsights_skip_tracking":false,"_monsterinsights_sitenote_active":false,"_monsterinsights_sitenote_note":"","_monsterinsights_sitenote_category":0,"site-sidebar-layout":"no-sidebar","site-content-layout":"","ast-site-content-layout":"full-width-container","site-content-style":"default","site-sidebar-style":"default","ast-global-header-display":"","ast-banner-title-visibility":"","ast-main-header-display":"","ast-hfb-above-header-display":"","ast-hfb-below-header-display":"","ast-hfb-mobile-header-display":"","site-post-title":"disabled","ast-breadcrumbs-content":"","ast-featured-img":"disabled","footer-sml-layout":"","theme-transparent-header-meta":"default","adv-header-id-meta":"","stick-header-meta":"","header-above-stick-meta":"","header-main-stick-meta":"","header-below-stick-meta":"","astra-migrate-meta-layouts":"set","ast-page-background-enabled":"default","ast-page-background-meta":{"desktop":{"background-color":"var(--ast-global-color-4)","background-image":"","background-repeat":"repeat","background-position":"center center","background-size":"auto","background-attachment":"scroll","background-type":"","background-media":"","overlay-type":"","overlay-color":"","overlay-opacity":"","overlay-gradient":""},"tablet":{"background-color":"","background-image":"","background-repeat":"repeat","background-position":"center center","background-size":"auto","background-attachment":"scroll","background-type":"","background-media":"","overlay-type":"","overlay-color":"","overlay-opacity":"","overlay-gradient":""},"mobile":{"background-color":"","background-image":"","background-repeat":"repeat","background-position":"center center","background-size":"auto","background-attachment":"scroll","background-type":"","background-media":"","overlay-type":"","overlay-color":"","overlay-opacity":"","overlay-gradient":""}},"ast-content-background-meta":{"desktop":{"background-color":"var(--ast-global-color-5)","background-image":"","background-repeat":"repeat","background-position":"center center","background-size":"auto","background-attachment":"scroll","background-type":"","background-media":"","overlay-type":"","overlay-color":"","overlay-opacity":"","overlay-gradient":""},"tablet":{"background-color":"var(--ast-global-color-5)","background-image":"","background-repeat":"repeat","background-position":"center center","background-size":"auto","background-attachment":"scroll","background-type":"","background-media":"","overlay-type":"","overlay-color":"","overlay-opacity":"","overlay-gradient":""},"mobile":{"background-color":"var(--ast-global-color-5)","background-image":"","background-repeat":"repeat","background-position":"center center","background-size":"auto","background-attachment":"scroll","background-type":"","background-media":"","overlay-type":"","overlay-color":"","overlay-opacity":"","overlay-gradient":""}},"footnotes":""},"class_list":["post-428","page","type-page","status-publish","hentry"],"jetpack_sharing_enabled":true,"_links":{"self":[{"href":"https:\/\/schuh-toggenburg.ch\/wordpress\/index.php\/wp-json\/wp\/v2\/pages\/428","targetHints":{"allow":["GET"]}}],"collection":[{"href":"https:\/\/schuh-toggenburg.ch\/wordpress\/index.php\/wp-json\/wp\/v2\/pages"}],"about":[{"href":"https:\/\/schuh-toggenburg.ch\/wordpress\/index.php\/wp-json\/wp\/v2\/types\/page"}],"author":[{"embeddable":true,"href":"https:\/\/schuh-toggenburg.ch\/wordpress\/index.php\/wp-json\/wp\/v2\/users\/2"}],"replies":[{"embeddable":true,"href":"https:\/\/schuh-toggenburg.ch\/wordpress\/index.php\/wp-json\/wp\/v2\/comments?post=428"}],"version-history":[{"count":4,"href":"https:\/\/schuh-toggenburg.ch\/wordpress\/index.php\/wp-json\/wp\/v2\/pages\/428\/revisions"}],"predecessor-version":[{"id":440,"href":"https:\/\/schuh-toggenburg.ch\/wordpress\/index.php\/wp-json\/wp\/v2\/pages\/428\/revisions\/440"}],"wp:attachment":[{"href":"https:\/\/schuh-toggenburg.ch\/wordpress\/index.php\/wp-json\/wp\/v2\/media?parent=428"}],"curies":[{"name":"wp","href":"https:\/\/api.w.org\/{rel}","templated":true}]}}